{"id":714,"date":"2021-03-15T12:59:13","date_gmt":"2021-03-15T11:59:13","guid":{"rendered":"http:\/\/www.sunshineboatcharter.com\/policies-and-terms\/"},"modified":"2021-03-18T12:28:47","modified_gmt":"2021-03-18T11:28:47","slug":"termini-condizioni","status":"publish","type":"page","link":"https:\/\/www.sunshineboatcharter.com\/it\/termini-condizioni\/","title":{"rendered":"Termini e condizioni"},"content":{"rendered":"<p>[et_pb_section fb_built=&#8221;1&#8243; _builder_version=&#8221;4.4.0&#8243;][et_pb_row _builder_version=&#8221;4.4.0&#8243; module_alignment=&#8221;center&#8221;][et_pb_column type=&#8221;4_4&#8243; _builder_version=&#8221;4.4.0&#8243;][et_pb_text _builder_version=&#8221;4.9.2&#8243; hover_enabled=&#8221;0&#8243; header_line_height=&#8221;2em&#8221; sticky_enabled=&#8221;0&#8243;]<\/p>\n<h1 style=\"text-align: center;\">Termini e Condizioni<\/h1>\n<h2>Politica di cancellazione<\/h2>\n<p>Il cliente pu\u00f2 richiedere la cancellazione gratuita del tour entro 72 ore dalla data. Trascorso tale termine, il cliente non avr\u00e0 diritto al rimborso del pagamento anticipato.<\/p>\n<p>In caso di condizioni meteorologiche avverse o, pi\u00f9 in generale, al verificarsi di problemi non imputabili alla compagnia, la decisione di annullare il tour e il conseguente rimborso dell&#8217;acconto versato, sar\u00e0 esclusivamente del capitano.<\/p>\n<p>[\/et_pb_text][\/et_pb_column][\/et_pb_row][\/et_pb_section]<\/p>\n","protected":false},"excerpt":{"rendered":"<p>Termini e Condizioni Politica di cancellazione Il cliente pu\u00f2 richiedere la cancellazione gratuita del tour entro 72 ore dalla data. Trascorso tale termine, il cliente non avr\u00e0 diritto al rimborso del pagamento anticipato. In caso di condizioni meteorologiche avverse o, pi\u00f9 in generale, al verificarsi di problemi non imputabili alla compagnia, la decisione di annullare [&hellip;]<\/p>\n","protected":false},"author":1,"featured_media":0,"parent":0,"menu_order":0,"comment_status":"closed","ping_status":"closed","template":"","meta":{"_et_pb_use_builder":"on","_et_pb_old_content":"","_et_gb_content_width":"","footnotes":""},"class_list":["post-714","page","type-page","status-publish","hentry"],"_links":{"self":[{"href":"https:\/\/www.sunshineboatcharter.com\/it\/wp-json\/wp\/v2\/pages\/714","targetHints":{"allow":["GET"]}}],"collection":[{"href":"https:\/\/www.sunshineboatcharter.com\/it\/wp-json\/wp\/v2\/pages"}],"about":[{"href":"https:\/\/www.sunshineboatcharter.com\/it\/wp-json\/wp\/v2\/types\/page"}],"author":[{"embeddable":true,"href":"https:\/\/www.sunshineboatcharter.com\/it\/wp-json\/wp\/v2\/users\/1"}],"replies":[{"embeddable":true,"href":"https:\/\/www.sunshineboatcharter.com\/it\/wp-json\/wp\/v2\/comments?post=714"}],"version-history":[{"count":5,"href":"https:\/\/www.sunshineboatcharter.com\/it\/wp-json\/wp\/v2\/pages\/714\/revisions"}],"predecessor-version":[{"id":878,"href":"https:\/\/www.sunshineboatcharter.com\/it\/wp-json\/wp\/v2\/pages\/714\/revisions\/878"}],"wp:attachment":[{"href":"https:\/\/www.sunshineboatcharter.com\/it\/wp-json\/wp\/v2\/media?parent=714"}],"curies":[{"name":"wp","href":"https:\/\/api.w.org\/{rel}","templated":true}]}}