{"id":708,"date":"2021-03-15T12:58:45","date_gmt":"2021-03-15T11:58:45","guid":{"rendered":"http:\/\/www.sunshineboatcharter.com\/contacts\/"},"modified":"2021-04-21T11:45:06","modified_gmt":"2021-04-21T09:45:06","slug":"contatti","status":"publish","type":"page","link":"https:\/\/www.sunshineboatcharter.com\/it\/contatti\/","title":{"rendered":"Contatti"},"content":{"rendered":"\n[et_pb_section fb_built=&#8221;1&#8243; fullwidth=&#8221;on&#8221; disabled_on=&#8221;off|off|off&#8221; admin_label=&#8221;Hero&#8221; _builder_version=&#8221;4.9.2&#8243; background_enable_color=&#8221;off&#8221; parallax=&#8221;on&#8221; min_height=&#8221;270px&#8221; height=&#8221;270px&#8221; max_height=&#8221;270px&#8221; custom_padding=&#8221;|||&#8221; transparent_background=&#8221;on&#8221;][et_pb_fullwidth_header title=&#8221;Contattaci&#8221; text_orientation=&#8221;center&#8221; background_overlay_color=&#8221;rgba(31,107,163,0.6)&#8221; subhead_font_color=&#8221;#bebebe&#8221; _builder_version=&#8221;4.9.2&#8243; title_font=&#8221;||||||||&#8221; title_text_color=&#8221;#ffffff&#8221; title_line_height=&#8221;1.3em&#8221; content_font=&#8221;||||||||&#8221; content_text_color=&#8221;#FFFFFF&#8221; content_line_height=&#8221;1.8em&#8221; subhead_font=&#8221;Montserrat||||&#8221; subhead_text_color=&#8221;#bebebe&#8221; subhead_line_height=&#8221;1.8em&#8221; background_enable_color=&#8221;off&#8221; background_image=&#8221;https:\/\/www.sunshineboatcharter.com\/wp-content\/uploads\/2021\/03\/framar-nerano.jpg&#8221; custom_padding=&#8221;5%||5%|&#8221; animation_style=&#8221;zoom&#8221; animation_duration=&#8221;1500ms&#8221; animation_intensity_zoom=&#8221;4%&#8221; title_line_height_last_edited=&#8221;off|desktop&#8221; background_last_edited=&#8221;off|desktop&#8221; background_image_tablet=&#8221;http:\/\/www.sunshineboatcharter.com\/wp-content\/uploads\/2021\/03\/framar-nerano.jpg&#8221; background_enable_image_tablet=&#8221;on&#8221; button_one_text_size__hover_enabled=&#8221;off&#8221; button_two_text_size__hover_enabled=&#8221;off&#8221; button_one_text_color__hover_enabled=&#8221;off&#8221; button_two_text_color__hover_enabled=&#8221;off&#8221; button_one_border_width__hover_enabled=&#8221;off&#8221; button_two_border_width__hover_enabled=&#8221;off&#8221; button_one_border_color__hover_enabled=&#8221;off&#8221; button_two_border_color__hover_enabled=&#8221;off&#8221; button_one_border_radius__hover_enabled=&#8221;off&#8221; button_two_border_radius__hover_enabled=&#8221;off&#8221; button_one_letter_spacing__hover_enabled=&#8221;off&#8221; button_two_letter_spacing__hover_enabled=&#8221;off&#8221; button_one_bg_color__hover_enabled=&#8221;off&#8221; button_two_bg_color__hover_enabled=&#8221;off&#8221;][\/et_pb_fullwidth_header][\/et_pb_section][et_pb_section fb_built=&#8221;1&#8243; custom_padding_last_edited=&#8221;on|desktop&#8221; module_id=&#8221;book&#8211;your-tour&#8221; _builder_version=&#8221;4.9.2&#8243; _module_preset=&#8221;default&#8221; custom_padding_tablet=&#8221;1%||||false|false&#8221; custom_padding_phone=&#8221;1%||1%||true|false&#8221; border_color_top=&#8221;#f7931e&#8221; border_style_top=&#8221;none&#8221; border_color_bottom=&#8221;#f7931e&#8221; border_style_bottom=&#8221;none&#8221;][et_pb_row column_structure=&#8221;2_5,3_5&#8243; _builder_version=&#8221;4.9.3&#8243; _module_preset=&#8221;default&#8221; hover_enabled=&#8221;0&#8243; sticky_enabled=&#8221;0&#8243;][et_pb_column type=&#8221;2_5&#8243; _builder_version=&#8221;4.9.3&#8243; _module_preset=&#8221;default&#8221; custom_padding=&#8221;0%||0%||true|false&#8221; custom_padding_tablet=&#8221;0%||8%||false|false&#8221; custom_padding_phone=&#8221;||12%||false|false&#8221; custom_padding_last_edited=&#8221;on|phone&#8221; hover_enabled=&#8221;0&#8243; sticky_enabled=&#8221;0&#8243;][et_pb_button button_url=&#8221;https:\/\/api.whatsapp.com\/send\/?phone=393339178632&#038;text&#038;app_absent=0&#8243; button_text=&#8221;WhatsApp&#8221; button_alignment=&#8221;center&#8221; button_alignment_last_edited=&#8221;off|desktop&#8221; _builder_version=&#8221;4.9.2&#8243; _module_preset=&#8221;default&#8221; custom_button=&#8221;on&#8221; button_bg_color=&#8221;#00bfa5&#8243; button_bg_image=&#8221;http:\/\/www.sunshineboatcharter.com\/wp-content\/uploads\/2021\/03\/whatsapp-icon.png&#8221; button_bg_size=&#8221;initial&#8221; button_bg_position=&#8221;center_right&#8221; button_use_icon=&#8221;off&#8221; custom_padding=&#8221;|7%||1%|false|false&#8221; custom_padding_tablet=&#8221;|6%|||false|false&#8221; custom_padding_phone=&#8221;|10%|||false|false&#8221; custom_padding_last_edited=&#8221;on|phone&#8221;][\/et_pb_button][et_pb_text _builder_version=&#8221;4.9.2&#8243; _module_preset=&#8221;default&#8221;]<p style=\"text-align: center;\"><strong>Cell.:<\/strong> <a href=\"tel:+393339178632\">+39 333 917 8632<\/a><\/p>\n<p style=\"text-align: center;\"><strong>E-mail:<\/strong> <a href=\"mailto:francofucci10@gmail.com\">francofucci10@gmail.com<\/a><\/p>[\/et_pb_text][et_pb_contact_form captcha=&#8221;off&#8221; title=&#8221;Per attivare il pulsante %22Pay Now%22 di Paypal devi cliccare sul box di seguito*&#8221; module_class=&#8221;popmake-950&#8243; _builder_version=&#8221;4.9.3&#8243; _module_preset=&#8221;default&#8221; title_level=&#8221;h4&#8243; title_font=&#8221;||||||||&#8221; title_text_color=&#8221;#31ba1f&#8221; title_font_size=&#8221;16px&#8221; custom_margin=&#8221;0%||-3%||false|false&#8221; custom_margin_tablet=&#8221;&#8221; custom_margin_phone=&#8221;&#8221; custom_margin_last_edited=&#8221;on|phone&#8221; custom_padding=&#8221;0%||0%||true|false&#8221; hover_enabled=&#8221;0&#8243; sticky_enabled=&#8221;0&#8243;][et_pb_contact_field field_id=&#8221;Paypal&#8221; field_title=&#8221;Paga ora l&#8217;acconto per il tuo tour in barca!&#8221; field_type=&#8221;radio&#8221; required_mark=&#8221;off&#8221; fullwidth_field=&#8221;on&#8221; _builder_version=&#8221;4.9.3&#8243; _module_preset=&#8221;default&#8221; hover_enabled=&#8221;0&#8243; sticky_enabled=&#8221;0&#8243; radio_options=&#8221;%91{%22value%22:%22Ho letto e accetto %22,%22checked%22:0,%22dragID%22:-1,%22link_url%22:%22https:\/\/www.sunshineboatcharter.com\/it\/termini-condizioni\/%22,%22link_text%22:%22Termini e Condizioni%22}%93&#8243;][\/et_pb_contact_field][\/et_pb_contact_form][et_pb_text _builder_version=&#8221;4.9.3&#8243; _module_preset=&#8221;default&#8221; hover_enabled=&#8221;0&#8243; sticky_enabled=&#8221;0&#8243;]<p>* Utilizza il pulsante \u201cpay now\u201d di Paypal per pagare l&#8217;acconto, che servir\u00e0 anche da conferma di prenotazione, solo dopo aver richiesto la disponibilit\u00e0, e aver ricevuto risposta positiva, per le date di interesse. Il saldo, sar\u00e0 richiesto sul posto il giorno del tour. Tutti i tour devono essere confermati via e-mail o telefono cellulare la sera prima della partenza. In caso di mancata conferma da parte del cliente il tour \u00e8 nullo e la caparra non verr\u00e0 restituita.<\/p>[\/et_pb_text][\/et_pb_column][et_pb_column type=&#8221;3_5&#8243; _builder_version=&#8221;4.8.2&#8243; _module_preset=&#8221;default&#8221;][et_pb_contact_form email=&#8221;francofucci10@gmail.com&#8221; custom_message=&#8221;E-mail dal sito Sunshineboat:||et_pb_line_break_holder||||et_pb_line_break_holder||Nome: %%Name%%||et_pb_line_break_holder||E-mail: %%Email%%||et_pb_line_break_holder||Interessato in: %%object%%||et_pb_line_break_holder||Data: %%Date%%||et_pb_line_break_holder||Numero persone: %%pax%%||et_pb_line_break_holder||||et_pb_line_break_holder||Messaggio:||et_pb_line_break_holder||%%Message%%&#8221; success_message=&#8221;Grazie per averci contattato! A breve risponderemo alla tua richiesta.&#8221; submit_button_text=&#8221;Invia&#8221; _builder_version=&#8221;4.9.2&#8243; _module_preset=&#8221;default&#8221; form_field_background_color=&#8221;rgba(247,147,30,0.7)&#8221; form_field_text_color=&#8221;#000000&#8243; form_field_focus_background_color=&#8221;#f7931e&#8221; custom_button=&#8221;on&#8221; button_text_color=&#8221;#f7931e&#8221; border_radii=&#8221;on|50px|50px|50px|50px&#8221; border_width_all=&#8221;2px&#8221; border_color_all=&#8221;#357fc2&#8243;][et_pb_contact_field field_id=&#8221;Name&#8221; field_title=&#8221;Nome&#8221; _builder_version=&#8221;4.9.0&#8243; button_text_size__hover_enabled=&#8221;off&#8221; button_one_text_size__hover_enabled=&#8221;off&#8221; button_two_text_size__hover_enabled=&#8221;off&#8221; button_text_color__hover_enabled=&#8221;off&#8221; button_one_text_color__hover_enabled=&#8221;off&#8221; button_two_text_color__hover_enabled=&#8221;off&#8221; button_border_width__hover_enabled=&#8221;off&#8221; button_one_border_width__hover_enabled=&#8221;off&#8221; button_two_border_width__hover_enabled=&#8221;off&#8221; button_border_color__hover_enabled=&#8221;off&#8221; button_one_border_color__hover_enabled=&#8221;off&#8221; button_two_border_color__hover_enabled=&#8221;off&#8221; button_border_radius__hover_enabled=&#8221;off&#8221; button_one_border_radius__hover_enabled=&#8221;off&#8221; button_two_border_radius__hover_enabled=&#8221;off&#8221; button_letter_spacing__hover_enabled=&#8221;off&#8221; button_one_letter_spacing__hover_enabled=&#8221;off&#8221; button_two_letter_spacing__hover_enabled=&#8221;off&#8221; button_bg_color__hover_enabled=&#8221;off&#8221; button_one_bg_color__hover_enabled=&#8221;off&#8221; button_two_bg_color__hover_enabled=&#8221;off&#8221;][\/et_pb_contact_field][et_pb_contact_field field_id=&#8221;Email&#8221; field_title=&#8221;Indirizzo e-mail&#8221; field_type=&#8221;email&#8221; _builder_version=&#8221;3.16&#8243; button_text_size__hover_enabled=&#8221;off&#8221; button_one_text_size__hover_enabled=&#8221;off&#8221; button_two_text_size__hover_enabled=&#8221;off&#8221; button_text_color__hover_enabled=&#8221;off&#8221; button_one_text_color__hover_enabled=&#8221;off&#8221; button_two_text_color__hover_enabled=&#8221;off&#8221; button_border_width__hover_enabled=&#8221;off&#8221; button_one_border_width__hover_enabled=&#8221;off&#8221; button_two_border_width__hover_enabled=&#8221;off&#8221; button_border_color__hover_enabled=&#8221;off&#8221; button_one_border_color__hover_enabled=&#8221;off&#8221; button_two_border_color__hover_enabled=&#8221;off&#8221; button_border_radius__hover_enabled=&#8221;off&#8221; button_one_border_radius__hover_enabled=&#8221;off&#8221; button_two_border_radius__hover_enabled=&#8221;off&#8221; button_letter_spacing__hover_enabled=&#8221;off&#8221; button_one_letter_spacing__hover_enabled=&#8221;off&#8221; button_two_letter_spacing__hover_enabled=&#8221;off&#8221; button_bg_color__hover_enabled=&#8221;off&#8221; button_one_bg_color__hover_enabled=&#8221;off&#8221; button_two_bg_color__hover_enabled=&#8221;off&#8221;][\/et_pb_contact_field][et_pb_contact_field field_id=&#8221;object&#8221; field_title=&#8221;Come possiamo aiutarti?&#8221; field_type=&#8221;select&#8221; select_options=&#8221;%91{%22value%22:%22Prenotazione tour%22,%22checked%22:0,%22dragID%22:-1},{%22value%22:%22Noleggio barca senza marinaio%22,%22checked%22:0,%22dragID%22:0},{%22value%22:%22Richiesta informazioni%22,%22checked%22:0,%22dragID%22:1}%93&#8243; fullwidth_field=&#8221;on&#8221; _builder_version=&#8221;4.9.2&#8243; _module_preset=&#8221;default&#8221;][\/et_pb_contact_field][et_pb_contact_field field_id=&#8221;Date&#8221; field_title=&#8221;Data Tour&#8221; conditional_logic=&#8221;on&#8221; conditional_logic_rules=&#8221;%91{%22field%22:%22object%22,%22condition%22:%22does not contain%22,%22value%22:%22Richiesta informazioni%22}%93&#8243; _builder_version=&#8221;4.9.2&#8243; _module_preset=&#8221;default&#8221;][\/et_pb_contact_field][et_pb_contact_field field_id=&#8221;pax&#8221; field_title=&#8221;Numero Persone&#8221; conditional_logic=&#8221;on&#8221; conditional_logic_rules=&#8221;%91{%22field%22:%22object%22,%22condition%22:%22does not contain%22,%22value%22:%22Richiesta informazioni%22}%93&#8243; _builder_version=&#8221;4.9.2&#8243; _module_preset=&#8221;default&#8221;][\/et_pb_contact_field][et_pb_contact_field field_id=&#8221;Message&#8221; field_title=&#8221;Messaggio&#8221; field_type=&#8221;text&#8221; fullwidth_field=&#8221;on&#8221; _builder_version=&#8221;3.16&#8243; button_text_size__hover_enabled=&#8221;off&#8221; button_one_text_size__hover_enabled=&#8221;off&#8221; button_two_text_size__hover_enabled=&#8221;off&#8221; button_text_color__hover_enabled=&#8221;off&#8221; button_one_text_color__hover_enabled=&#8221;off&#8221; button_two_text_color__hover_enabled=&#8221;off&#8221; button_border_width__hover_enabled=&#8221;off&#8221; button_one_border_width__hover_enabled=&#8221;off&#8221; button_two_border_width__hover_enabled=&#8221;off&#8221; button_border_color__hover_enabled=&#8221;off&#8221; button_one_border_color__hover_enabled=&#8221;off&#8221; button_two_border_color__hover_enabled=&#8221;off&#8221; button_border_radius__hover_enabled=&#8221;off&#8221; button_one_border_radius__hover_enabled=&#8221;off&#8221; button_two_border_radius__hover_enabled=&#8221;off&#8221; button_letter_spacing__hover_enabled=&#8221;off&#8221; button_one_letter_spacing__hover_enabled=&#8221;off&#8221; button_two_letter_spacing__hover_enabled=&#8221;off&#8221; button_bg_color__hover_enabled=&#8221;off&#8221; button_one_bg_color__hover_enabled=&#8221;off&#8221; button_two_bg_color__hover_enabled=&#8221;off&#8221;][\/et_pb_contact_field][et_pb_contact_field field_id=&#8221;privacy&#8221; field_title=&#8221;Accetta per permetterci di ricontattarti&#8221; field_type=&#8221;checkbox&#8221; checkbox_options=&#8221;%91{%22value%22:%22Ho letto e accetto la vostra %22,%22checked%22:0,%22dragID%22:-1,%22link_url%22:%22https:\/\/www.sunshineboatcharter.com\/it\/privacy-policy\/%22,%22link_text%22:%22privacy policy%22}%93&#8243; fullwidth_field=&#8221;on&#8221; _builder_version=&#8221;4.9.2&#8243; _module_preset=&#8221;default&#8221;][\/et_pb_contact_field][\/et_pb_contact_form][\/et_pb_column][\/et_pb_row][\/et_pb_section][et_pb_section fb_built=&#8221;1&#8243; module_id=&#8221;book&#8211;your-tour&#8221; _builder_version=&#8221;4.9.1&#8243; _module_preset=&#8221;default&#8221; custom_padding=&#8221;||0px|||&#8221; border_width_top=&#8221;1px&#8221; border_color_top=&#8221;#f7931e&#8221; border_width_bottom=&#8221;1px&#8221; border_color_bottom=&#8221;#f7931e&#8221;][et_pb_row _builder_version=&#8221;4.9.2&#8243; _module_preset=&#8221;default&#8221;][et_pb_column type=&#8221;4_4&#8243; _builder_version=&#8221;4.9.2&#8243; _module_preset=&#8221;default&#8221;][et_pb_text _builder_version=&#8221;4.9.2&#8243; _module_preset=&#8221;default&#8221; animation_style=&#8221;bounce&#8221; animation_direction=&#8221;top&#8221;]<h2 style=\"text-align: center;\">Dove siamo<\/h2>[\/et_pb_text][\/et_pb_column][\/et_pb_row][et_pb_row _builder_version=&#8221;4.9.0&#8243; _module_preset=&#8221;default&#8221; width=&#8221;100%&#8221; max_width=&#8221;1400px&#8221; custom_padding=&#8221;0px||0px|||&#8221;][et_pb_column type=&#8221;4_4&#8243; _builder_version=&#8221;4.9.0&#8243; _module_preset=&#8221;default&#8221;][et_pb_code _builder_version=&#8221;4.9.0&#8243; _module_preset=&#8221;default&#8221; custom_padding=&#8221;||0px|||&#8221;]<iframe loading=\"lazy\" src=\"https:\/\/www.google.com\/maps\/embed?pb=!1m18!1m12!1m3!1d1071.3211731664583!2d14.352297766867203!3d40.58235899145602!2m3!1f0!2f0!3f0!3m2!1i1024!2i768!4f13.1!3m3!1m2!1s0x0%3A0x65f7c5d6f410d67a!2sFramar!5e0!3m2!1sit!2sit!4v1613496041236!5m2!1sit!2sit\" width=\"100%\" height=\"600\" frameborder=\"0\" style=\"border:0;\" allowfullscreen=\"\" aria-hidden=\"false\" tabindex=\"0\"><\/iframe>[\/et_pb_code][\/et_pb_column][\/et_pb_row][\/et_pb_section]\n","protected":false},"excerpt":{"rendered":"<p>Cell.: +39 333 917 8632 E-mail: francofucci10@gmail.com* Utilizza il pulsante \u201cpay now\u201d di Paypal per pagare l&#8217;acconto, che servir\u00e0 anche da conferma di prenotazione, solo dopo aver richiesto la disponibilit\u00e0, e aver ricevuto risposta positiva, per le date di interesse. Il saldo, sar\u00e0 richiesto sul posto il giorno del tour. Tutti i tour devono essere [&hellip;]<\/p>\n","protected":false},"author":1,"featured_media":0,"parent":0,"menu_order":0,"comment_status":"closed","ping_status":"closed","template":"","meta":{"_et_pb_use_builder":"on","_et_pb_old_content":"","_et_gb_content_width":"","footnotes":""},"class_list":["post-708","page","type-page","status-publish","hentry"],"_links":{"self":[{"href":"https:\/\/www.sunshineboatcharter.com\/it\/wp-json\/wp\/v2\/pages\/708","targetHints":{"allow":["GET"]}}],"collection":[{"href":"https:\/\/www.sunshineboatcharter.com\/it\/wp-json\/wp\/v2\/pages"}],"about":[{"href":"https:\/\/www.sunshineboatcharter.com\/it\/wp-json\/wp\/v2\/types\/page"}],"author":[{"embeddable":true,"href":"https:\/\/www.sunshineboatcharter.com\/it\/wp-json\/wp\/v2\/users\/1"}],"replies":[{"embeddable":true,"href":"https:\/\/www.sunshineboatcharter.com\/it\/wp-json\/wp\/v2\/comments?post=708"}],"version-history":[{"count":11,"href":"https:\/\/www.sunshineboatcharter.com\/it\/wp-json\/wp\/v2\/pages\/708\/revisions"}],"predecessor-version":[{"id":1001,"href":"https:\/\/www.sunshineboatcharter.com\/it\/wp-json\/wp\/v2\/pages\/708\/revisions\/1001"}],"wp:attachment":[{"href":"https:\/\/www.sunshineboatcharter.com\/it\/wp-json\/wp\/v2\/media?parent=708"}],"curies":[{"name":"wp","href":"https:\/\/api.w.org\/{rel}","templated":true}]}}